{"id":1530,"date":"2020-12-30T14:26:09","date_gmt":"2020-12-30T14:26:09","guid":{"rendered":"http:\/\/expomundo.pt\/?page_id=1530"},"modified":"2021-01-20T16:45:37","modified_gmt":"2021-01-20T16:45:37","slug":"pedido-de-orcamento","status":"publish","type":"page","link":"https:\/\/expomundo.pt\/en\/pedido-de-orcamento\/","title":{"rendered":"BUDGET REQUEST"},"content":{"rendered":"<section class=\"light-wrapper normal-padding  vc_row wpb_row vc_row-fluid light-wrapper normal-padding vc_custom_1610985076503\"><div class=\"container\"><div class=\"row\"><div class=\"wpb_column vc_column_container col-sm-12\"><div class=\"vc_column-inner\"><div class=\"wpb_wrapper\"><div class=\"vc_row wpb_row vc_inner vc_row-fluid\"><div class=\"wpb_column vc_column_container col-sm-3 vc_hidden-md vc_hidden-sm vc_hidden-xs\"><div class=\"vc_column-inner\"><div class=\"wpb_wrapper\">\n\t<div  class=\"wpb_single_image wpb_content_element vc_align_center\">\n\t\t\n\t\t<figure class=\"wpb_wrapper vc_figure\">\n\t\t\t<div class=\"vc_single_image-wrapper   vc_box_border_grey\"><img loading=\"lazy\" decoding=\"async\" width=\"441\" height=\"1280\" src=\"https:\/\/expomundo.pt\/wp-content\/uploads\/2021\/01\/architecture_ORCAMENTO_01.jpg\" class=\"vc_single_image-img attachment-full\" alt=\"\" srcset=\"https:\/\/expomundo.pt\/wp-content\/uploads\/2021\/01\/architecture_ORCAMENTO_01.jpg 441w, https:\/\/expomundo.pt\/wp-content\/uploads\/2021\/01\/architecture_ORCAMENTO_01-103x300.jpg 103w, https:\/\/expomundo.pt\/wp-content\/uploads\/2021\/01\/architecture_ORCAMENTO_01-172x500.jpg 172w\" sizes=\"auto, (max-width: 441px) 100vw, 441px\" \/><\/div>\n\t\t<\/figure>\n\t<\/div>\n<\/div><\/div><\/div><div class=\"wpb_column vc_column_container col-sm-6 col-has-fill\"><div class=\"vc_column-inner vc_custom_1611161136886\"><div class=\"wpb_wrapper\">\n\t<div class=\"wpb_text_column wpb_content_element  vc_custom_1610985219537\" >\n\t\t<div class=\"wpb_wrapper\">\n\t\t\t<h5 class=\"uppercase mt48 mt-xs-0\">WE ARE AT YOUR DISPOSAL, TELL US WHAT YOUR PROJECT IS<\/h5>\n\n\t\t<\/div>\n\t<\/div>\n<div class=\"wpforms-container wpforms-container-full\" id=\"wpforms-2273\"><form id=\"wpforms-form-2273\" class=\"wpforms-validate wpforms-form\" data-formid=\"2273\" method=\"post\" enctype=\"multipart\/form-data\" action=\"\/en\/wp-json\/wp\/v2\/pages\/1530\" data-token=\"5b1c30de42ae540f95e0c61586f36c79\" data-token-time=\"1777805717\" data-trp-original-action=\"\/en\/wp-json\/wp\/v2\/pages\/1530\"><noscript class=\"wpforms-error-noscript\">Please enable JavaScript in your browser to complete this form.<\/noscript><div class=\"wpforms-field-container\"><div id=\"wpforms-2273-field_5-container\" class=\"wpforms-field wpforms-field-radio wpforms-list-2-columns\" data-field-id=\"5\"><label class=\"wpforms-field-label\">Project area<\/label><ul id=\"wpforms-2273-field_5\"><li class=\"choice-1 depth-1\"><input type=\"radio\" id=\"wpforms-2273-field_5_1\" name=\"wpforms[fields][5]\" value=\"Stands\"  ><label class=\"wpforms-field-label-inline\" for=\"wpforms-2273-field_5_1\">Stands<\/label><\/li><li class=\"choice-2 depth-1\"><input type=\"radio\" id=\"wpforms-2273-field_5_2\" name=\"wpforms[fields][5]\" value=\"Remodela\u00e7\u00f5es\"  ><label class=\"wpforms-field-label-inline\" for=\"wpforms-2273-field_5_2\">Renovations<\/label><\/li><li class=\"choice-3 depth-1\"><input type=\"radio\" id=\"wpforms-2273-field_5_3\" name=\"wpforms[fields][5]\" value=\"Mobili\u00e1rio comercial\"  ><label class=\"wpforms-field-label-inline\" for=\"wpforms-2273-field_5_3\">Commercial furniture<\/label><\/li><li class=\"choice-4 depth-1\"><input type=\"radio\" id=\"wpforms-2273-field_5_4\" name=\"wpforms[fields][5]\" value=\"Eventos e log\u00edstica\"  ><label class=\"wpforms-field-label-inline\" for=\"wpforms-2273-field_5_4\">Commercial furniture<\/label><\/li><li class=\"choice-5 depth-1\"><input type=\"radio\" id=\"wpforms-2273-field_5_5\" name=\"wpforms[fields][5]\" value=\"Ativa\u00e7\u00e3o de marca\"  ><label class=\"wpforms-field-label-inline\" for=\"wpforms-2273-field_5_5\">Brand Activation<\/label><\/li><li class=\"choice-6 depth-1\"><input type=\"radio\" id=\"wpforms-2273-field_5_6\" name=\"wpforms[fields][5]\" value=\"Outro\"  ><label class=\"wpforms-field-label-inline\" for=\"wpforms-2273-field_5_6\">Other<\/label><\/li><\/ul><\/div><div id=\"wpforms-2273-field_0-container\" class=\"wpforms-field wpforms-field-name\" data-field-id=\"0\"><label class=\"wpforms-field-label\" for=\"wpforms-2273-field_0\">Name <span class=\"wpforms-required-label\">*<\/span><\/label><input type=\"text\" id=\"wpforms-2273-field_0\" class=\"wpforms-field-medium wpforms-field-required\" name=\"wpforms[fields][0]\" required><\/div><div id=\"wpforms-2273-field_1-container\" class=\"wpforms-field wpforms-field-email\" data-field-id=\"1\"><label class=\"wpforms-field-label\" for=\"wpforms-2273-field_1\">Email <span class=\"wpforms-required-label\">*<\/span><\/label><input type=\"email\" id=\"wpforms-2273-field_1\" class=\"wpforms-field-medium wpforms-field-required\" name=\"wpforms[fields][1]\" spellcheck=\"false\" required><div class=\"wpforms-field-description\">Please enter your email, so we can follow up with you.<\/div><\/div><div id=\"wpforms-2273-field_6-container\" class=\"wpforms-field wpforms-field-number\" data-field-id=\"6\"><label class=\"wpforms-field-label\" for=\"wpforms-2273-field_6\">Telephone <span class=\"wpforms-required-label\">*<\/span><\/label><input type=\"number\" id=\"wpforms-2273-field_6\" class=\"wpforms-field-medium wpforms-field-required\" name=\"wpforms[fields][6]\" step=\"any\" required><\/div><div id=\"wpforms-2273-field_4-container\" class=\"wpforms-field wpforms-field-textarea\" data-field-id=\"4\"><label class=\"wpforms-field-label\" for=\"wpforms-2273-field_4\">Tell us the details of the project... <span class=\"wpforms-required-label\">*<\/span><\/label><textarea id=\"wpforms-2273-field_4\" class=\"wpforms-field-medium wpforms-field-required\" name=\"wpforms[fields][4]\" required><\/textarea><\/div><\/div><!-- .wpforms-field-container --><div class=\"wpforms-submit-container\" ><input type=\"hidden\" name=\"wpforms[id]\" value=\"2273\"><input type=\"hidden\" name=\"page_title\" value=\"\"><input type=\"hidden\" name=\"page_url\" value=\"https:\/\/expomundo.pt\/en\/wp-json\/wp\/v2\/pages\/1530\"><input type=\"hidden\" name=\"url_referer\" value=\"\"><button type=\"submit\" name=\"wpforms[submit]\" id=\"wpforms-submit-2273\" class=\"wpforms-submit\" data-alt-text=\"Enviando...\" data-submit-text=\"Enviar\" aria-live=\"assertive\" value=\"wpforms-submit\">Submit<\/button><\/div><input type=\"hidden\" name=\"trp-form-language\" value=\"en\"\/><\/form><\/div>  <!-- .wpforms-container --><\/div><\/div><\/div><div class=\"wpb_column vc_column_container col-sm-3 vc_hidden-md vc_hidden-sm vc_hidden-xs\"><div class=\"vc_column-inner\"><div class=\"wpb_wrapper\">\n\t<div  class=\"wpb_single_image wpb_content_element vc_align_center\">\n\t\t\n\t\t<figure class=\"wpb_wrapper vc_figure\">\n\t\t\t<div class=\"vc_single_image-wrapper   vc_box_border_grey\"><img loading=\"lazy\" decoding=\"async\" width=\"439\" height=\"1280\" src=\"https:\/\/expomundo.pt\/wp-content\/uploads\/2021\/01\/architecture_ORCAMENTO_03.jpg\" class=\"vc_single_image-img attachment-full\" alt=\"\" srcset=\"https:\/\/expomundo.pt\/wp-content\/uploads\/2021\/01\/architecture_ORCAMENTO_03.jpg 439w, https:\/\/expomundo.pt\/wp-content\/uploads\/2021\/01\/architecture_ORCAMENTO_03-103x300.jpg 103w, https:\/\/expomundo.pt\/wp-content\/uploads\/2021\/01\/architecture_ORCAMENTO_03-171x500.jpg 171w\" sizes=\"auto, (max-width: 439px) 100vw, 439px\" \/><\/div>\n\t\t<\/figure>\n\t<\/div>\n<\/div><\/div><\/div><\/div><\/div><\/div><\/div><\/div><\/div><\/section>","protected":false},"excerpt":{"rendered":"Estamos \u00e0 sua disposi\u00e7\u00e3o, diga-nos qual \u00e9 o seu projeto Please enable JavaScript in your browser to complete this form.\u00c1rea do...","protected":false},"author":1,"featured_media":0,"parent":0,"menu_order":0,"comment_status":"closed","ping_status":"closed","template":"","meta":{"footnotes":""},"class_list":["post-1530","page","type-page","status-publish","hentry"],"_links":{"self":[{"href":"https:\/\/expomundo.pt\/en\/wp-json\/wp\/v2\/pages\/1530","targetHints":{"allow":["GET"]}}],"collection":[{"href":"https:\/\/expomundo.pt\/en\/wp-json\/wp\/v2\/pages"}],"about":[{"href":"https:\/\/expomundo.pt\/en\/wp-json\/wp\/v2\/types\/page"}],"author":[{"embeddable":true,"href":"https:\/\/expomundo.pt\/en\/wp-json\/wp\/v2\/users\/1"}],"replies":[{"embeddable":true,"href":"https:\/\/expomundo.pt\/en\/wp-json\/wp\/v2\/comments?post=1530"}],"version-history":[{"count":52,"href":"https:\/\/expomundo.pt\/en\/wp-json\/wp\/v2\/pages\/1530\/revisions"}],"predecessor-version":[{"id":2280,"href":"https:\/\/expomundo.pt\/en\/wp-json\/wp\/v2\/pages\/1530\/revisions\/2280"}],"wp:attachment":[{"href":"https:\/\/expomundo.pt\/en\/wp-json\/wp\/v2\/media?parent=1530"}],"curies":[{"name":"wp","href":"https:\/\/api.w.org\/{rel}","templated":true}]}}