{"id":1559,"date":"2020-12-30T17:45:41","date_gmt":"2020-12-30T17:45:41","guid":{"rendered":"http:\/\/expomundo.pt\/?page_id=1559"},"modified":"2021-01-25T12:40:55","modified_gmt":"2021-01-25T12:40:55","slug":"mobiliario-comercial","status":"publish","type":"page","link":"https:\/\/expomundo.pt\/en\/mobiliario-comercial\/","title":{"rendered":"COMMERCIAL FURNITURE"},"content":{"rendered":"<div class=\"row light-wrapper  light-wrapper normal-padding   light-wrapper normal-padding\"><div class=\"wpb_column vc_column_container col-sm-12\"><div class=\"vc_column-inner vc_custom_1610975549468\"><div class=\"wpb_wrapper\">\n\t\t\t<section class=\"image-edge\">\n\t\t\t    <div class=\"col-md-6 col-sm-4 p0 col-md-push-6 col-sm-push-8\">\n\t\t\t        <img loading=\"lazy\" decoding=\"async\" width=\"1050\" height=\"753\" src=\"https:\/\/expomundo.pt\/wp-content\/uploads\/2021\/01\/mobiliario.jpg\" class=\"mb-xs-24\" alt=\"\" srcset=\"https:\/\/expomundo.pt\/wp-content\/uploads\/2021\/01\/mobiliario.jpg 1050w, https:\/\/expomundo.pt\/wp-content\/uploads\/2021\/01\/mobiliario-300x215.jpg 300w, https:\/\/expomundo.pt\/wp-content\/uploads\/2021\/01\/mobiliario-1024x734.jpg 1024w, https:\/\/expomundo.pt\/wp-content\/uploads\/2021\/01\/mobiliario-768x551.jpg 768w\" sizes=\"auto, (max-width: 1050px) 100vw, 1050px\" \/>\n\t\t\t    <\/div>\n\t\t\t    <div class=\"container\">\n\t\t\t        <div class=\"col-md-5 col-md-pull-0 col-sm-7 col-sm-pull-4 v-align-transform\">\n\t\t\t            \n\t<div class=\"wpb_text_column wpb_content_element  vc_custom_1610975445223\" >\n\t\t<div class=\"wpb_wrapper\">\n\t\t\t<h2>We create and manufacture commercial furniture.<\/h2>\n<p style=\"text-align: justify;\">It already has some models of own furniture or creating new models adjusted to the needs of the client.<\/p>\n\n\t\t<\/div>\n\t<\/div>\n\n\t\t\t        <\/div>\n\t\t\t    <\/div>\n\t\t\t<\/section>\n\t\t<\/div><\/div><\/div><\/div><section class=\"light-wrapper normal-padding  vc_row wpb_row vc_row-fluid light-wrapper normal-padding vc_custom_1609327831529\"><div class=\"container\"><div class=\"row\"><div class=\"wpb_column vc_column_container col-sm-12\"><div class=\"vc_column-inner\"><div class=\"wpb_wrapper\"><div class=\"vc_row wpb_row vc_inner vc_row-fluid vc_custom_1609329705842\"><div class=\"wpb_column vc_column_container col-sm-12\"><div class=\"vc_column-inner\"><div class=\"wpb_wrapper\">\n\t<div class=\"wpb_text_column wpb_content_element\" >\n\t\t<div class=\"wpb_wrapper\">\n\t\t\t<h3 style=\"text-align: center;\">COMMERCIAL FURNITURE HELD<\/h3>\n\n\t\t<\/div>\n\t<\/div>\n<\/div><\/div><\/div><\/div><div class=\"vc_row wpb_row vc_inner vc_row-fluid vc_custom_1609329712168\"><div class=\"wpb_column vc_column_container col-sm-3\"><div class=\"vc_column-inner\"><div class=\"wpb_wrapper\"><div class=\"vc-hoverbox-wrapper  vc-hoverbox-shape--square vc-hoverbox-align--center vc-hoverbox-direction--default vc-hoverbox-width--100\" >\n  <div class=\"vc-hoverbox\">\n    <div class=\"vc-hoverbox-inner\">\n      <div class=\"vc-hoverbox-block vc-hoverbox-front\" style=\"background-image: url(https:\/\/expomundo.pt\/wp-content\/uploads\/2021\/01\/arruda_municipal-1024x753.jpg);\">\n        <div class=\"vc-hoverbox-block-inner vc-hoverbox-front-inner\">\n            \n        <\/div>\n      <\/div>\n      <div class=\"vc-hoverbox-block vc-hoverbox-back\" style=\"background-color: #ebebeb;\">\n        <div class=\"vc-hoverbox-block-inner vc-hoverbox-back-inner\">\n            <h2 style=\"font-size: 30px;text-align: center;font-family:Montserrat;font-weight:400;font-style:normal\" class=\"vc_custom_heading\" >BALC\u00c3O MUNICIPAL<\/h2>\n            \n            <div class=\"vc_btn3-container vc_btn3-inline\" >\n\t<a class=\"vc_general vc_btn3 vc_btn3-size-xs vc_btn3-shape-square vc_btn3-style-modern vc_btn3-icon-left vc_btn3-color-sky\" href=\"http:\/\/expomundo.pt\/en\/portfolio\/balcao-municipal\/\" title=\"BALC\u00c3O MUNICIPAL\" target=\"_blank\"><i class=\"vc_btn3-icon far fa-images\"><\/i> View project<\/a><\/div>\n\n        <\/div>\n      <\/div>\n    <\/div>\n  <\/div>\n<\/div><\/div><\/div><\/div><div class=\"wpb_column vc_column_container col-sm-6\"><div class=\"vc_column-inner\"><div class=\"wpb_wrapper\"><div class=\"vc-hoverbox-wrapper  vc-hoverbox-shape--square vc-hoverbox-align--center vc-hoverbox-direction--default vc-hoverbox-width--100\" >\n  <div class=\"vc-hoverbox\">\n    <div class=\"vc-hoverbox-inner\">\n      <div class=\"vc-hoverbox-block vc-hoverbox-front\" style=\"background-image: url(https:\/\/expomundo.pt\/wp-content\/uploads\/2020\/12\/site1-1024x974.jpg);\">\n        <div class=\"vc-hoverbox-block-inner vc-hoverbox-front-inner\">\n            \n        <\/div>\n      <\/div>\n      <div class=\"vc-hoverbox-block vc-hoverbox-back\" style=\"background-color: #ebebeb;\">\n        <div class=\"vc-hoverbox-block-inner vc-hoverbox-back-inner\">\n            <h2 style=\"font-size: 30px;text-align: center;font-family:Montserrat;font-weight:400;font-style:normal\" class=\"vc_custom_heading\" >ARRUDA DOS VINHOS<\/h2>\n            \n            <div class=\"vc_btn3-container vc_btn3-inline\" >\n\t<a class=\"vc_general vc_btn3 vc_btn3-size-xs vc_btn3-shape-square vc_btn3-style-modern vc_btn3-icon-left vc_btn3-color-sky\" href=\"http:\/\/expomundo.pt\/en\/portfolio\/arruda-dos-vinhos\/\" title=\"ARRUDA DOS VINHOS\" target=\"_blank\"><i class=\"vc_btn3-icon far fa-images\"><\/i> View project<\/a><\/div>\n\n        <\/div>\n      <\/div>\n    <\/div>\n  <\/div>\n<\/div><\/div><\/div><\/div><div class=\"wpb_column vc_column_container col-sm-3\"><div class=\"vc_column-inner\"><div class=\"wpb_wrapper\"><div class=\"vc-hoverbox-wrapper  vc-hoverbox-shape--square vc-hoverbox-align--center vc-hoverbox-direction--default vc-hoverbox-width--100\" >\n  <div class=\"vc-hoverbox\">\n    <div class=\"vc-hoverbox-inner\">\n      <div class=\"vc-hoverbox-block vc-hoverbox-front\" style=\"background-image: url(https:\/\/expomundo.pt\/wp-content\/uploads\/2020\/12\/MINICLIP-2-1024x768.jpg);\">\n        <div class=\"vc-hoverbox-block-inner vc-hoverbox-front-inner\">\n            \n        <\/div>\n      <\/div>\n      <div class=\"vc-hoverbox-block vc-hoverbox-back\" style=\"background-color: #ebebeb;\">\n        <div class=\"vc-hoverbox-block-inner vc-hoverbox-back-inner\">\n            <h2 style=\"font-size: 30px;text-align: center;font-family:Montserrat;font-weight:400;font-style:normal\" class=\"vc_custom_heading\" >MINICLIP<\/h2>\n            \n            <div class=\"vc_btn3-container vc_btn3-inline\" >\n\t<a class=\"vc_general vc_btn3 vc_btn3-size-xs vc_btn3-shape-square vc_btn3-style-modern vc_btn3-icon-left vc_btn3-color-sky\" href=\"http:\/\/expomundo.pt\/en\/portfolio\/miniclip\/\" title=\"MINICLIP\" target=\"_blank\"><i class=\"vc_btn3-icon far fa-images\"><\/i> View project<\/a><\/div>\n\n        <\/div>\n      <\/div>\n    <\/div>\n  <\/div>\n<\/div><\/div><\/div><\/div><\/div><\/div><\/div><\/div><\/div><\/div><\/section><a id=\"presupuesto\" class=\"in-page-link\" href=\"#\"><\/a><section class=\"image-bg overlay parallax  light-wrapper normal-padding  vc_row wpb_row vc_row-fluid light-wrapper normal-padding vc_custom_1609330583458\">\n\t\t\t<div class=\"background-image-holder\">\n\t\t\t    <img decoding=\"async\" alt=\"Background\" class=\"background-image\" src=\"http:\/\/expomundo.pt\/wp-content\/uploads\/2020\/12\/img_contact_orcamento.jpg?id=1520\" \/>\n\t\t\t<\/div>\n\t\t<div class=\"container\"><div class=\"row\"><div class=\"wpb_column vc_column_container col-sm-8\" id=\"presupuesto_1\"><div class=\"vc_column-inner\"><div class=\"wpb_wrapper\">\n\t<div class=\"wpb_text_column wpb_content_element\" >\n\t\t<div class=\"wpb_wrapper\">\n\t\t\t<h2><span style=\"color: #9cc0e6;\">Tell us all about the project<\/span><\/h2>\n<p><span style=\"color: #ffffff;\">you want to accomplish and we will be pleased to give you a free quote<\/span><\/p>\n\n\t\t<\/div>\n\t<\/div>\n<\/div><\/div><\/div><div class=\"wpb_column vc_column_container col-sm-4\"><div class=\"vc_column-inner vc_custom_1609329660865\"><div class=\"wpb_wrapper\">\n\t\t<div class=\"row\">\n\t\t    <div class=\"col-sm-12 text-center\"> <a class=\"btn btn-lg mb0 mt-xs-24\" href=\"http:\/\/expomundo.pt\/en\/pedido-de-orcamento\/\" target=\"_blank\">BUDGET REQUEST<\/a>\n\t\t    <\/div>\n\t\t<\/div>\n\t<\/div><\/div><\/div><\/div><\/div><\/section>","protected":false},"excerpt":{"rendered":"Criamos e fabricamos mobili\u00e1rio comercial. Contando j\u00e1 com alguns modelos de mobili\u00e1rio pr\u00f3prio ou criando novos modelos ajustados \u00e1s necessidades do...","protected":false},"author":1,"featured_media":0,"parent":0,"menu_order":0,"comment_status":"closed","ping_status":"closed","template":"","meta":{"footnotes":""},"class_list":["post-1559","page","type-page","status-publish","hentry"],"_links":{"self":[{"href":"https:\/\/expomundo.pt\/en\/wp-json\/wp\/v2\/pages\/1559","targetHints":{"allow":["GET"]}}],"collection":[{"href":"https:\/\/expomundo.pt\/en\/wp-json\/wp\/v2\/pages"}],"about":[{"href":"https:\/\/expomundo.pt\/en\/wp-json\/wp\/v2\/types\/page"}],"author":[{"embeddable":true,"href":"https:\/\/expomundo.pt\/en\/wp-json\/wp\/v2\/users\/1"}],"replies":[{"embeddable":true,"href":"https:\/\/expomundo.pt\/en\/wp-json\/wp\/v2\/comments?post=1559"}],"version-history":[{"count":20,"href":"https:\/\/expomundo.pt\/en\/wp-json\/wp\/v2\/pages\/1559\/revisions"}],"predecessor-version":[{"id":2128,"href":"https:\/\/expomundo.pt\/en\/wp-json\/wp\/v2\/pages\/1559\/revisions\/2128"}],"wp:attachment":[{"href":"https:\/\/expomundo.pt\/en\/wp-json\/wp\/v2\/media?parent=1559"}],"curies":[{"name":"wp","href":"https:\/\/api.w.org\/{rel}","templated":true}]}}