{"id":1579,"date":"2021-01-04T14:55:47","date_gmt":"2021-01-04T14:55:47","guid":{"rendered":"http:\/\/expomundo.pt\/?page_id=1579"},"modified":"2021-01-19T20:38:20","modified_gmt":"2021-01-19T20:38:20","slug":"eventos-e-logistica","status":"publish","type":"page","link":"https:\/\/expomundo.pt\/en\/eventos-e-logistica\/","title":{"rendered":"EVENTS AND LOGISTICS"},"content":{"rendered":"<div class=\"row light-wrapper  light-wrapper normal-padding   light-wrapper normal-padding vc_custom_1609327847729\"><div class=\"wpb_column vc_column_container col-sm-12\"><div class=\"vc_column-inner vc_custom_1609327902257\"><div class=\"wpb_wrapper\">\n\t\t\t<section class=\"image-edge\">\n\t\t\t    <div class=\"col-md-6 col-sm-4 p0 col-md-push-6 col-sm-push-8\">\n\t\t\t        <img loading=\"lazy\" decoding=\"async\" width=\"1200\" height=\"832\" src=\"https:\/\/expomundo.pt\/wp-content\/uploads\/2021\/01\/eventos.jpg\" class=\"mb-xs-24\" alt=\"\" srcset=\"https:\/\/expomundo.pt\/wp-content\/uploads\/2021\/01\/eventos.jpg 1200w, https:\/\/expomundo.pt\/wp-content\/uploads\/2021\/01\/eventos-300x208.jpg 300w, https:\/\/expomundo.pt\/wp-content\/uploads\/2021\/01\/eventos-1024x710.jpg 1024w, https:\/\/expomundo.pt\/wp-content\/uploads\/2021\/01\/eventos-768x532.jpg 768w\" sizes=\"auto, (max-width: 1200px) 100vw, 1200px\" \/>\n\t\t\t    <\/div>\n\t\t\t    <div class=\"container\">\n\t\t\t        <div class=\"col-md-5 col-md-pull-0 col-sm-7 col-sm-pull-4 v-align-transform\">\n\t\t\t            \n\t<div class=\"wpb_text_column wpb_content_element  vc_custom_1610975738578\" >\n\t\t<div class=\"wpb_wrapper\">\n\t\t\t<h2>We create and develop all types of events.<\/h2>\n<p style=\"text-align: justify;\">We provide image services, 3D projects, printing and multimedia, interior decoration and transportation.<\/p>\n<p style=\"text-align: justify;\">With our team of multipurpose professionals and our own facilities, we handle all logistics, providing a turnkey service.<\/p>\n\n\t\t<\/div>\n\t<\/div>\n\n\t\t\t        <\/div>\n\t\t\t    <\/div>\n\t\t\t<\/section>\n\t\t<\/div><\/div><\/div><\/div><section class=\"light-wrapper normal-padding  vc_row wpb_row vc_row-fluid light-wrapper normal-padding vc_custom_1609327831529\"><div class=\"container\"><div class=\"row\"><div class=\"wpb_column vc_column_container col-sm-12\"><div class=\"vc_column-inner\"><div class=\"wpb_wrapper\"><div class=\"vc_row wpb_row vc_inner vc_row-fluid vc_custom_1609329705842\"><div class=\"wpb_column vc_column_container col-sm-12\"><div class=\"vc_column-inner\"><div class=\"wpb_wrapper\">\n\t<div class=\"wpb_text_column wpb_content_element\" >\n\t\t<div class=\"wpb_wrapper\">\n\t\t\t<h3 style=\"text-align: center;\">EVENTS HELD<\/h3>\n\n\t\t<\/div>\n\t<\/div>\n<\/div><\/div><\/div><\/div><div class=\"vc_row wpb_row vc_inner vc_row-fluid vc_custom_1609329712168\"><div class=\"wpb_column vc_column_container col-sm-3\"><div class=\"vc_column-inner\"><div class=\"wpb_wrapper\"><\/div><\/div><\/div><div class=\"wpb_column vc_column_container col-sm-6\"><div class=\"vc_column-inner\"><div class=\"wpb_wrapper\"><div class=\"vc-hoverbox-wrapper  vc-hoverbox-shape--square vc-hoverbox-align--center vc-hoverbox-direction--default vc-hoverbox-width--100\" >\n  <div class=\"vc-hoverbox\">\n    <div class=\"vc-hoverbox-inner\">\n      <div class=\"vc-hoverbox-block vc-hoverbox-front\" style=\"background-image: url(https:\/\/expomundo.pt\/wp-content\/uploads\/2020\/12\/EXPO-REXEL-11-1024x575.jpg);\">\n        <div class=\"vc-hoverbox-block-inner vc-hoverbox-front-inner\">\n            \n        <\/div>\n      <\/div>\n      <div class=\"vc-hoverbox-block vc-hoverbox-back\" style=\"background-color: #ebebeb;\">\n        <div class=\"vc-hoverbox-block-inner vc-hoverbox-back-inner\">\n            <h2 style=\"font-size: 30px;text-align: center;font-family:Montserrat;font-weight:400;font-style:normal\" class=\"vc_custom_heading\" >EXPO REXEL<\/h2>\n            \n            <div class=\"vc_btn3-container vc_btn3-inline\" >\n\t<a class=\"vc_general vc_btn3 vc_btn3-size-xs vc_btn3-shape-square vc_btn3-style-modern vc_btn3-icon-left vc_btn3-color-sky\" href=\"http:\/\/expomundo.pt\/en\/portfolio\/expo-rexel\/\" title=\"EXPO REXEL\" target=\"_blank\"><i class=\"vc_btn3-icon far fa-images\"><\/i> View project<\/a><\/div>\n\n        <\/div>\n      <\/div>\n    <\/div>\n  <\/div>\n<\/div><\/div><\/div><\/div><div class=\"wpb_column vc_column_container col-sm-3\"><div class=\"vc_column-inner\"><div class=\"wpb_wrapper\"><\/div><\/div><\/div><\/div><\/div><\/div><\/div><\/div><\/div><\/section><a id=\"presupuesto\" class=\"in-page-link\" href=\"#\"><\/a><section class=\"image-bg overlay parallax  light-wrapper normal-padding  vc_row wpb_row vc_row-fluid light-wrapper normal-padding vc_custom_1609330583458\">\n\t\t\t<div class=\"background-image-holder\">\n\t\t\t    <img decoding=\"async\" alt=\"Background\" class=\"background-image\" src=\"http:\/\/expomundo.pt\/wp-content\/uploads\/2020\/12\/img_contact_orcamento.jpg?id=1520\" \/>\n\t\t\t<\/div>\n\t\t<div class=\"container\"><div class=\"row\"><div class=\"wpb_column vc_column_container col-sm-8\"><div class=\"vc_column-inner\"><div class=\"wpb_wrapper\">\n\t<div class=\"wpb_text_column wpb_content_element\" >\n\t\t<div class=\"wpb_wrapper\">\n\t\t\t<h2><span style=\"color: #9cc0e6;\">Tell us all about the project<\/span><\/h2>\n<p><span style=\"color: #ffffff;\">you want to accomplish and we will be pleased to give you a free quote<\/span><\/p>\n\n\t\t<\/div>\n\t<\/div>\n<\/div><\/div><\/div><div class=\"wpb_column vc_column_container col-sm-4\"><div class=\"vc_column-inner vc_custom_1609329660865\"><div class=\"wpb_wrapper\">\n\t\t<div class=\"row\">\n\t\t    <div class=\"col-sm-12 text-center\"> <a class=\"btn btn-lg mb0 mt-xs-24\" href=\"http:\/\/expomundo.pt\/en\/pedido-de-orcamento\/\" target=\"_blank\">BUDGET REQUEST<\/a>\n\t\t    <\/div>\n\t\t<\/div>\n\t<\/div><\/div><\/div><\/div><\/div><\/section>","protected":false},"excerpt":{"rendered":"Criamos e desenvolvemos todos os tipos de eventos. Disponibilizamos servi\u00e7os de imagem, projetos 3D, impress\u00e3o e multim\u00e9dia, decora\u00e7\u00e3o de interiores e...","protected":false},"author":1,"featured_media":0,"parent":0,"menu_order":0,"comment_status":"closed","ping_status":"closed","template":"","meta":{"footnotes":""},"class_list":["post-1579","page","type-page","status-publish","hentry"],"_links":{"self":[{"href":"https:\/\/expomundo.pt\/en\/wp-json\/wp\/v2\/pages\/1579","targetHints":{"allow":["GET"]}}],"collection":[{"href":"https:\/\/expomundo.pt\/en\/wp-json\/wp\/v2\/pages"}],"about":[{"href":"https:\/\/expomundo.pt\/en\/wp-json\/wp\/v2\/types\/page"}],"author":[{"embeddable":true,"href":"https:\/\/expomundo.pt\/en\/wp-json\/wp\/v2\/users\/1"}],"replies":[{"embeddable":true,"href":"https:\/\/expomundo.pt\/en\/wp-json\/wp\/v2\/comments?post=1579"}],"version-history":[{"count":23,"href":"https:\/\/expomundo.pt\/en\/wp-json\/wp\/v2\/pages\/1579\/revisions"}],"predecessor-version":[{"id":2130,"href":"https:\/\/expomundo.pt\/en\/wp-json\/wp\/v2\/pages\/1579\/revisions\/2130"}],"wp:attachment":[{"href":"https:\/\/expomundo.pt\/en\/wp-json\/wp\/v2\/media?parent=1579"}],"curies":[{"name":"wp","href":"https:\/\/api.w.org\/{rel}","templated":true}]}}